{"id":823,"date":"2026-02-20T15:00:39","date_gmt":"2026-02-20T20:00:39","guid":{"rendered":"https:\/\/staging.jinarc.ca\/?page_id=823"},"modified":"2026-03-25T13:34:41","modified_gmt":"2026-03-25T17:34:41","slug":"landing-fr","status":"publish","type":"page","link":"https:\/\/jinarc.ca\/fr\/","title":{"rendered":"Landing- fr"},"content":{"rendered":"<div class=\"et_pb_section_0 et_pb_section et_section_regular et_flex_section\">\n<div class=\"et_pb_row_0 et_pb_row et_flex_row\">\n<div class=\"et_pb_column_0 et_pb_column et_flex_column et_pb_css_mix_blend_mode_passthrough et_flex_column_8_24 et_flex_column_8_24_tablet et_flex_column_24_24_phone\">\n<div class=\"et_pb_text_0 et_pb_text et_pb_bg_layout_light et_pb_module et_flex_module\"><div class=\"et_pb_text_inner\"><h1>Vos premiers pas avec <sup>Pr<\/sup>JINARC<sup>MD <\/sup><\/h1>\n<\/div><\/div>\n\n<div class=\"et_pb_text_1 et_pb_text et_pb_bg_layout_light et_pb_module et_flex_module preset--group--divi-text--divi-font-body--8nj1hfrqsm\"><div class=\"et_pb_text_inner\"><p>Chaque voyage commence par un premier pas. Le pr\u00e9sent site Web a \u00e9t\u00e9 con\u00e7u pour vous appuyer tout au long de votre parcours en vous offrant l\u2019acc\u00e8s exclusif \u00e0 des ressources et \u00e0 du soutien.<\/p>\n<\/div><\/div>\n\n<div class=\"et_pb_text_2 et_pb_text et_pb_bg_layout_light et_pb_module et_flex_module preset--group--divi-text--divi-font-body--8nj1hfrqsm\"><div class=\"et_pb_text_inner\"><p>Nous sommes l\u00e0 pour vous appuyer \u00e0 toutes les \u00e9tapes de votre traitement. <\/p>\n<\/div><\/div>\n\n<div class=\"et_pb_module et_pb_button_module_wrapper et_pb_button_0_wrapper preset--module--divi-button--2yafs6y4fi_wrapper\"><a class=\"et_pb_button_0 et_pb_button et_pb_bg_layout_light et_pb_module et_flex_module preset--module--divi-button--2yafs6y4fi\" href=\"https:\/\/jinarc.ca\/fr\/identifier-patients\/\">Ouvrez une session<\/a><\/div>\n\n<div class=\"et_pb_text_3 et_pb_text et_pb_bg_layout_light et_pb_module et_flex_module\"><div class=\"et_pb_text_inner\"><p>\u00cates-vous un professionnel de la sant\u00e9? <a href=\"\/fr\/identifier-hcp\">Ouvrez une session ici<\/a>.<\/p>\n<\/div><\/div>\n<\/div>\n\n<div class=\"et_pb_column_1 et_pb_column et-last-child et_flex_column et_pb_css_mix_blend_mode_passthrough et_flex_column_16_24 et_flex_column_16_24_tablet et_flex_column_24_24_phone\">\n<div class=\"et_pb_image_0 et_pb_image et_pb_module et_flex_module\"><span class=\"et_pb_image_wrap\"><img loading=\"lazy\" decoding=\"async\" src=\"https:\/\/jinarc.ca\/wp-content\/uploads\/2026\/01\/Group-391.png\" title=\"Jinarc Orijin\" width=\"2334\" height=\"1532\" srcset=\"https:\/\/jinarc.ca\/wp-content\/uploads\/2026\/01\/Group-391.png 2334w, https:\/\/jinarc.ca\/wp-content\/uploads\/2026\/01\/Group-391-1280x840.png 1280w, https:\/\/jinarc.ca\/wp-content\/uploads\/2026\/01\/Group-391-980x643.png 980w, https:\/\/jinarc.ca\/wp-content\/uploads\/2026\/01\/Group-391-480x315.png 480w\" sizes=\"(min-width: 0px) and (max-width: 480px) 480px, (min-width: 481px) and (max-width: 980px) 980px, (min-width: 981px) and (max-width: 1280px) 1280px, (min-width: 1281px) 2334px, 100vw\" class=\"wp-image-56\" \/><\/span><\/div>\n<\/div>\n<\/div>\n<\/div>","protected":false},"excerpt":{"rendered":"","protected":false},"author":1,"featured_media":0,"parent":0,"menu_order":1,"comment_status":"closed","ping_status":"closed","template":"","meta":{"footnotes":""},"class_list":["post-823","page","type-page","status-publish","hentry"],"_links":{"self":[{"href":"https:\/\/jinarc.ca\/fr\/wp-json\/wp\/v2\/pages\/823","targetHints":{"allow":["GET"]}}],"collection":[{"href":"https:\/\/jinarc.ca\/fr\/wp-json\/wp\/v2\/pages"}],"about":[{"href":"https:\/\/jinarc.ca\/fr\/wp-json\/wp\/v2\/types\/page"}],"author":[{"embeddable":true,"href":"https:\/\/jinarc.ca\/fr\/wp-json\/wp\/v2\/users\/1"}],"replies":[{"embeddable":true,"href":"https:\/\/jinarc.ca\/fr\/wp-json\/wp\/v2\/comments?post=823"}],"version-history":[{"count":4,"href":"https:\/\/jinarc.ca\/fr\/wp-json\/wp\/v2\/pages\/823\/revisions"}],"predecessor-version":[{"id":1316,"href":"https:\/\/jinarc.ca\/fr\/wp-json\/wp\/v2\/pages\/823\/revisions\/1316"}],"wp:attachment":[{"href":"https:\/\/jinarc.ca\/fr\/wp-json\/wp\/v2\/media?parent=823"}],"curies":[{"name":"wp","href":"https:\/\/api.w.org\/{rel}","templated":true}]}}